{"id":311,"date":"2025-06-30T16:25:39","date_gmt":"2025-06-30T14:25:39","guid":{"rendered":"https:\/\/quandor.fr\/?page_id=311"},"modified":"2025-07-13T14:47:38","modified_gmt":"2025-07-13T12:47:38","slug":"mentions-legales","status":"publish","type":"page","link":"https:\/\/quandor.fr\/index.php\/mentions-legales\/","title":{"rendered":"Mentions l\u00e9gales"},"content":{"rendered":"\t\t<div data-elementor-type=\"wp-page\" data-elementor-id=\"311\" class=\"elementor elementor-311\">\n\t\t\t\t<div class=\"elementor-element elementor-element-c39e5df e-flex e-con-boxed e-con e-parent\" data-id=\"c39e5df\" data-element_type=\"container\">\n\t\t\t\t\t<div class=\"e-con-inner\">\n\t\t\t\t<div class=\"elementor-element elementor-element-6dbe8c3 elementor-widget elementor-widget-text-editor\" data-id=\"6dbe8c3\" data-element_type=\"widget\" data-widget_type=\"text-editor.default\">\n\t\t\t\t<div class=\"elementor-widget-container\">\n\t\t\t\t\t\t\t\t\t<p>Raison sociale : Quandor<\/p><p>Forme juridique : SAS d&rsquo;\u00e9dition de jeux de soci\u00e9t\u00e9 et de jeux vid\u00e9o<\/p><p>Capital : 1,000 \u20ac<\/p><p>SIREN : 952 744 217<\/p>\t\t\t\t\t\t\t\t<\/div>\n\t\t\t\t<\/div>\n\t\t\t\t\t<\/div>\n\t\t\t\t<\/div>\n\t\t<div class=\"elementor-element elementor-element-a3d5d4a e-flex e-con-boxed e-con e-parent\" data-id=\"a3d5d4a\" data-element_type=\"container\">\n\t\t\t\t\t<div class=\"e-con-inner\">\n\t\t\t\t<div class=\"elementor-element elementor-element-274ff22 elementor-widget elementor-widget-text-editor\" data-id=\"274ff22\" data-element_type=\"widget\" data-widget_type=\"text-editor.default\">\n\t\t\t\t<div class=\"elementor-widget-container\">\n\t\t\t\t\t\t\t\t\t<p>Propri\u00e9t\u00e9 intellectuelle :<\/p><p>Quandor s&rsquo;appuie sur un univers original imagin\u00e9 et cr\u00e9\u00e9 par Quentin Rodelet. Cet univers est prot\u00e9g\u00e9 par des droits d&rsquo;auteur, et aucune reproduction n&rsquo;est autoris\u00e9e sans l&rsquo;accord pr\u00e9alable de l&rsquo;auteur.<\/p>\t\t\t\t\t\t\t\t<\/div>\n\t\t\t\t<\/div>\n\t\t\t\t\t<\/div>\n\t\t\t\t<\/div>\n\t\t<div class=\"elementor-element elementor-element-373f403 e-flex e-con-boxed e-con e-parent\" data-id=\"373f403\" data-element_type=\"container\">\n\t\t\t\t\t<div class=\"e-con-inner\">\n\t\t\t\t<div class=\"elementor-element elementor-element-cc3c148 elementor-widget elementor-widget-text-editor\" data-id=\"cc3c148\" data-element_type=\"widget\" data-widget_type=\"text-editor.default\">\n\t\t\t\t<div class=\"elementor-widget-container\">\n\t\t\t\t\t\t\t\t\t<p>H\u00e9bergement :<\/p><p>Ce site est h\u00e9berg\u00e9 par OVH SAS 2 rue Kellermann &#8211; 59100 Roubaix &#8211; France<\/p>\t\t\t\t\t\t\t\t<\/div>\n\t\t\t\t<\/div>\n\t\t\t\t\t<\/div>\n\t\t\t\t<\/div>\n\t\t\t\t<\/div>\n\t\t","protected":false},"excerpt":{"rendered":"<p>Raison sociale : Quandor Forme juridique : SAS d&rsquo;\u00e9dition de jeux de soci\u00e9t\u00e9 et de jeux vid\u00e9o Capital : 1,000 \u20ac SIREN : 952 744 217 Propri\u00e9t\u00e9 intellectuelle : Quandor s&rsquo;appuie sur un univers original imagin\u00e9 et cr\u00e9\u00e9 par Quentin Rodelet. Cet univers est prot\u00e9g\u00e9 par des droits d&rsquo;auteur, et aucune reproduction n&rsquo;est autoris\u00e9e sans [&hellip;]<\/p>\n","protected":false},"author":1,"featured_media":0,"parent":0,"menu_order":0,"comment_status":"closed","ping_status":"closed","template":"","meta":{"footnotes":""},"class_list":["post-311","page","type-page","status-publish","hentry"],"_links":{"self":[{"href":"https:\/\/quandor.fr\/index.php\/wp-json\/wp\/v2\/pages\/311","targetHints":{"allow":["GET"]}}],"collection":[{"href":"https:\/\/quandor.fr\/index.php\/wp-json\/wp\/v2\/pages"}],"about":[{"href":"https:\/\/quandor.fr\/index.php\/wp-json\/wp\/v2\/types\/page"}],"author":[{"embeddable":true,"href":"https:\/\/quandor.fr\/index.php\/wp-json\/wp\/v2\/users\/1"}],"replies":[{"embeddable":true,"href":"https:\/\/quandor.fr\/index.php\/wp-json\/wp\/v2\/comments?post=311"}],"version-history":[{"count":13,"href":"https:\/\/quandor.fr\/index.php\/wp-json\/wp\/v2\/pages\/311\/revisions"}],"predecessor-version":[{"id":524,"href":"https:\/\/quandor.fr\/index.php\/wp-json\/wp\/v2\/pages\/311\/revisions\/524"}],"wp:attachment":[{"href":"https:\/\/quandor.fr\/index.php\/wp-json\/wp\/v2\/media?parent=311"}],"curies":[{"name":"wp","href":"https:\/\/api.w.org\/{rel}","templated":true}]}}